{"id":2522,"date":"2022-11-24T07:45:28","date_gmt":"2022-11-24T12:45:28","guid":{"rendered":"https:\/\/bm-manutention.com\/promotions-new\/"},"modified":"2026-01-20T10:20:15","modified_gmt":"2026-01-20T15:20:15","slug":"forklift-promotions","status":"publish","type":"page","link":"https:\/\/bm-manutention.com\/en\/forklift-promotions\/","title":{"rendered":"Promotions"},"content":{"rendered":"<div class=\"wpb-content-wrapper\"><p>[vc_row full_width=&#8221;stretch_row&#8221; css=&#8221;.vc_custom_1634140612715{margin-top: 0px !important;margin-bottom: 0px !important;padding-top: 150px !important;padding-bottom: 150px !important;background-image: url(https:\/\/bm-manutention.com\/wp-content\/uploads\/2021\/10\/promotion-page.jpg?id=2204) !important;}&#8221; el_class=&#8221;entete-image&#8221;][vc_column width=&#8221;1\/2&#8243; css=&#8221;.vc_custom_1589567199963{margin-top: 0px !important;margin-bottom: 0px !important;padding-top: 0px !important;padding-bottom: 0px !important;}&#8221;][vc_column_text css=&#8221;.vc_custom_1634140570113{margin-bottom: 15px !important;padding-top: 0px !important;padding-bottom: 0px !important;}&#8221; el_class=&#8221;titre-h1&#8243;]<\/p>\n<h1>Promotions sur les chariots \u00e9l\u00e9vateurs<\/h1>\n<p>[\/vc_column_text][\/vc_column][vc_column width=&#8221;1\/2&#8243;][\/vc_column][\/vc_row][vc_row el_class=&#8221;image-produit&#8221;][vc_column width=&#8221;1\/2&#8243;][vc_empty_space height=&#8221;35px&#8221;][vc_column_text css=&#8221;&#8221;]<a href=\"https:\/\/bm-manutention.com\/wp-content\/uploads\/2026\/01\/HANGCHA-CBD15-WS.jpg\"><img decoding=\"async\" class=\"alignnone wp-image-3165 size-full\" src=\"https:\/\/bm-manutention.com\/wp-content\/uploads\/2026\/01\/HANGCHA-CBD15-WS.jpg\" alt=\"\" width=\"1000\" height=\"441\" srcset=\"https:\/\/bm-manutention.com\/wp-content\/uploads\/2026\/01\/HANGCHA-CBD15-WS.jpg 1000w, https:\/\/bm-manutention.com\/wp-content\/uploads\/2026\/01\/HANGCHA-CBD15-WS-300x132.jpg 300w, https:\/\/bm-manutention.com\/wp-content\/uploads\/2026\/01\/HANGCHA-CBD15-WS-768x339.jpg 768w, https:\/\/bm-manutention.com\/wp-content\/uploads\/2026\/01\/HANGCHA-CBD15-WS-600x265.jpg 600w\" sizes=\"(max-width: 1000px) 100vw, 1000px\" \/><\/a>[\/vc_column_text][vc_row_inner][vc_column_inner][vc_column_text css=&#8221;.vc_custom_1639430453168{margin-top: -15px !important;margin-bottom: 15px !important;padding-top: 15px !important;padding-bottom: 10px !important;background-color: #7e7e7e !important;}&#8221; el_class=&#8221;blanc&#8221;]<\/p>\n<h2 style=\"text-align: center;\">HANGCHA CBD15-WS<\/h2>\n<p>[\/vc_column_text][\/vc_column_inner][\/vc_row_inner][vc_row_inner][vc_column_inner width=&#8221;1\/2&#8243;][vc_column_text]<\/p>\n<ul>\n<li><strong>Capacit\u00e9 :<\/strong> 3300 lbs.<\/li>\n<li><strong>Fourches :<\/strong> 27\u2019\u2019 x 48\u2019\u2019<\/li>\n<li><strong>Batteries :<\/strong> Lithium<\/li>\n<li><strong>Chargeur :<\/strong> 110v externe<\/li>\n<\/ul>\n<p>[\/vc_column_text][\/vc_column_inner][vc_column_inner width=&#8221;1\/2&#8243;][vc_column_text]<\/p>\n<ul>\n<li>Aussi compact qu\u2019un transpalette manuel<\/li>\n<li><strong>Garantie :<\/strong> 1 an<\/li>\n<\/ul>\n<p>[\/vc_column_text][\/vc_column_inner][\/vc_row_inner][\/vc_column][vc_column width=&#8221;1\/2&#8243;][vc_empty_space height=&#8221;35px&#8221;][vc_column_text css=&#8221;&#8221;]<a href=\"https:\/\/bm-manutention.com\/wp-content\/uploads\/2026\/01\/HANGCHA-CBD15-AMA-SI-3.jpg\"><img decoding=\"async\" class=\"alignnone wp-image-3175 size-full\" src=\"https:\/\/bm-manutention.com\/wp-content\/uploads\/2026\/01\/HANGCHA-CBD15-AMA-SI-3.jpg\" alt=\"\" width=\"1000\" height=\"441\" srcset=\"https:\/\/bm-manutention.com\/wp-content\/uploads\/2026\/01\/HANGCHA-CBD15-AMA-SI-3.jpg 1000w, https:\/\/bm-manutention.com\/wp-content\/uploads\/2026\/01\/HANGCHA-CBD15-AMA-SI-3-300x132.jpg 300w, https:\/\/bm-manutention.com\/wp-content\/uploads\/2026\/01\/HANGCHA-CBD15-AMA-SI-3-768x339.jpg 768w, https:\/\/bm-manutention.com\/wp-content\/uploads\/2026\/01\/HANGCHA-CBD15-AMA-SI-3-600x265.jpg 600w\" sizes=\"(max-width: 1000px) 100vw, 1000px\" \/><\/a>[\/vc_column_text][vc_row_inner][vc_column_inner][vc_column_text css=&#8221;.vc_custom_1669294542436{margin-top: -15px !important;margin-bottom: 15px !important;padding-top: 15px !important;padding-bottom: 10px !important;background-color: #7e7e7e !important;}&#8221; el_class=&#8221;blanc&#8221;]<\/p>\n<h2 style=\"text-align: center;\">HANGCHA CBD15-AMA-SI<\/h2>\n<p>[\/vc_column_text][\/vc_column_inner][\/vc_row_inner][vc_row_inner][vc_column_inner width=&#8221;1\/2&#8243;][vc_column_text]<\/p>\n<ul>\n<li><strong>Capacit\u00e9 :<\/strong> 3300 lbs.<\/li>\n<li><strong>Fourches :<\/strong> 27\u2019\u2019 x 45\u2019\u2019<\/li>\n<li><strong>Batteries :<\/strong> Lithium<\/li>\n<li><strong>Chargeur :<\/strong> 110v externe<\/li>\n<\/ul>\n<p>[\/vc_column_text][\/vc_column_inner][vc_column_inner width=&#8221;1\/2&#8243;][vc_column_text]<\/p>\n<ul>\n<li><strong>Garantie :<\/strong> 1 an<\/li>\n<li><strong>Batteries:<\/strong> 3 ans<\/li>\n<\/ul>\n<p>[\/vc_column_text][\/vc_column_inner][\/vc_row_inner][\/vc_column][\/vc_row][vc_row el_class=&#8221;image-produit&#8221;][vc_column width=&#8221;1\/2&#8243;][vc_empty_space height=&#8221;35px&#8221;][vc_column_text css=&#8221;&#8221;]<a href=\"https:\/\/bm-manutention.com\/wp-content\/uploads\/2025\/05\/WLX45S-en.jpg\"><img decoding=\"async\" class=\"alignnone wp-image-3098 size-full\" src=\"https:\/\/bm-manutention.com\/wp-content\/uploads\/2025\/05\/WLX45S-en.jpg\" alt=\"\" width=\"1000\" height=\"441\" srcset=\"https:\/\/bm-manutention.com\/wp-content\/uploads\/2025\/05\/WLX45S-en.jpg 1000w, https:\/\/bm-manutention.com\/wp-content\/uploads\/2025\/05\/WLX45S-en-600x265.jpg 600w, https:\/\/bm-manutention.com\/wp-content\/uploads\/2025\/05\/WLX45S-en-300x132.jpg 300w, https:\/\/bm-manutention.com\/wp-content\/uploads\/2025\/05\/WLX45S-en-768x339.jpg 768w\" sizes=\"(max-width: 1000px) 100vw, 1000px\" \/><\/a>[\/vc_column_text][vc_row_inner][vc_column_inner][vc_column_text css=&#8221;.vc_custom_1669292120383{margin-top: -15px !important;margin-bottom: 15px !important;padding-top: 15px !important;padding-bottom: 10px !important;background-color: #7e7e7e !important;}&#8221; el_class=&#8221;blanc&#8221;]<\/p>\n<h2 style=\"text-align: center;\">UNICARRIERS WLX45S<\/h2>\n<p>[\/vc_column_text][\/vc_column_inner][\/vc_row_inner][vc_row_inner][vc_column_inner width=&#8221;1\/2&#8243;][vc_column_text]<\/p>\n<ul>\n<li><strong>Capacit\u00e9 :<\/strong> 4500 lbs.<\/li>\n<li><strong>Fourches :<\/strong> 27\u2019\u2019 x 45\u2019\u2019<\/li>\n<li><strong>Batteries :<\/strong> Acide-Plomb (4)<\/li>\n<\/ul>\n<p>[\/vc_column_text][\/vc_column_inner][vc_column_inner width=&#8221;1\/2&#8243;][vc_column_text css=&#8221;&#8221;]<\/p>\n<ul>\n<li><strong>Chargeur :<\/strong> 110v int\u00e9gr\u00e9<\/li>\n<li><strong>Garantie :<\/strong> 1 an<\/li>\n<li><a href=\"https:\/\/bm-manutention.com\/wp-content\/uploads\/2025\/05\/WLX-Series-Product-Brochure-1.pdf\" target=\"_blank\" rel=\"noopener\"><strong>Product brochure<\/strong><\/a><\/li>\n<li><a href=\"https:\/\/bm-manutention.com\/wp-content\/uploads\/2025\/05\/WLX-Specifications.pdf\" target=\"_blank\" rel=\"noopener\"><strong>Specifications<\/strong><\/a><\/li>\n<\/ul>\n<p>[\/vc_column_text][\/vc_column_inner][\/vc_row_inner][\/vc_column][vc_column width=&#8221;1\/2&#8243;][vc_empty_space height=&#8221;35px&#8221;][vc_column_text css=&#8221;&#8221;]<a href=\"https:\/\/bm-manutention.com\/wp-content\/uploads\/2025\/05\/HANGCHA-CBD22-AC1-NAI.jpg\"><img decoding=\"async\" class=\"alignnone wp-image-3107 size-full\" src=\"https:\/\/bm-manutention.com\/wp-content\/uploads\/2025\/05\/HANGCHA-CBD22-AC1-NAI.jpg\" alt=\"\" width=\"1000\" height=\"441\" srcset=\"https:\/\/bm-manutention.com\/wp-content\/uploads\/2025\/05\/HANGCHA-CBD22-AC1-NAI.jpg 1000w, https:\/\/bm-manutention.com\/wp-content\/uploads\/2025\/05\/HANGCHA-CBD22-AC1-NAI-600x265.jpg 600w, https:\/\/bm-manutention.com\/wp-content\/uploads\/2025\/05\/HANGCHA-CBD22-AC1-NAI-300x132.jpg 300w, https:\/\/bm-manutention.com\/wp-content\/uploads\/2025\/05\/HANGCHA-CBD22-AC1-NAI-768x339.jpg 768w\" sizes=\"(max-width: 1000px) 100vw, 1000px\" \/><\/a>[\/vc_column_text][vc_row_inner][vc_column_inner][vc_column_text css=&#8221;.vc_custom_1668419344474{margin-top: -15px !important;margin-bottom: 15px !important;padding-top: 15px !important;padding-bottom: 10px !important;background-color: #7e7e7e !important;}&#8221; el_class=&#8221;blanc&#8221;]<\/p>\n<h2 style=\"text-align: center;\">HANGCHA CBD22-AC1-NAI<\/h2>\n<p>[\/vc_column_text][\/vc_column_inner][\/vc_row_inner][vc_row_inner][vc_column_inner width=&#8221;1\/2&#8243;][vc_column_text]<\/p>\n<ul>\n<li><strong>Capacit\u00e9 :<\/strong> 5000 lbs.<\/li>\n<li><strong>Fourches :<\/strong> 27\u2033 x 45\u2033<\/li>\n<li><strong>Batteries :<\/strong> Lithium<\/li>\n<\/ul>\n<p>[\/vc_column_text][\/vc_column_inner][vc_column_inner width=&#8221;1\/2&#8243;][vc_column_text]<\/p>\n<ul>\n<li><strong>Chargeur :<\/strong> 110v int\u00e9gr\u00e9<\/li>\n<li><strong>Garantie :<\/strong> 1 an<\/li>\n<li><strong>Batteries :<\/strong> 3 ans<\/li>\n<\/ul>\n<p>[\/vc_column_text][\/vc_column_inner][\/vc_row_inner][\/vc_column][\/vc_row][vc_row full_width=&#8221;stretch_row&#8221; el_class=&#8221;orange&#8221; css=&#8221;.vc_custom_1639430369038{margin-top: 55px !important;padding-bottom: 55px !important;background-color: #f3f3f3 !important;}&#8221; el_id=&#8221;contact&#8221;][vc_column][vc_empty_space][vc_column_text css=&#8221;.vc_custom_1598903871945{margin-top: 30px !important;padding-right: 15px !important;padding-left: 15px !important;}&#8221; el_class=&#8221;quote&#8221;]<\/p>\n<h2 style=\"text-align: center;\">DEMANDE DE DEVIS<\/h2>\n<p>[\/vc_column_text][vc_separator color=&#8221;custom&#8221; border_width=&#8221;2&#8243; el_width=&#8221;10&#8243; css=&#8221;.vc_custom_1585673683410{margin-top: -25px !important;margin-bottom: 0px !important;}&#8221; accent_color=&#8221;#9e0200&#8243;][vc_empty_space][vc_column_text css=&#8221;.vc_custom_1598903887704{margin-top: 30px !important;padding-right: 15px !important;padding-left: 15px !important;}&#8221;]<\/p>\n<p style=\"text-align: center;\">Veuillez remplir le formulaire ci-dessous et nous vous contacterons pour les prochaines \u00e9tapes.<\/p>\n<p>[\/vc_column_text]\n<div class=\"wpcf7 no-js\" id=\"wpcf7-f1601-o1\" lang=\"en-US\" dir=\"ltr\" data-wpcf7-id=\"1601\">\n<div class=\"screen-reader-response\"><p role=\"status\" aria-live=\"polite\" aria-atomic=\"true\"><\/p> <ul><\/ul><\/div>\n<form action=\"\/en\/wp-json\/wp\/v2\/pages\/2522#wpcf7-f1601-o1\" method=\"post\" class=\"wpcf7-form init\" aria-label=\"Contact form\" novalidate=\"novalidate\" data-status=\"init\">\n<fieldset class=\"hidden-fields-container\"><input type=\"hidden\" name=\"_wpcf7\" value=\"1601\" \/><input type=\"hidden\" name=\"_wpcf7_version\" value=\"6.1.4\" \/><input type=\"hidden\" name=\"_wpcf7_locale\" value=\"en_US\" \/><input type=\"hidden\" name=\"_wpcf7_unit_tag\" value=\"wpcf7-f1601-o1\" \/><input type=\"hidden\" name=\"_wpcf7_container_post\" value=\"0\" \/><input type=\"hidden\" name=\"_wpcf7_posted_data_hash\" value=\"\" \/><input type=\"hidden\" name=\"_wpcf7dtx_version\" value=\"5.0.4\" \/><input type=\"hidden\" name=\"_wpcf7_recaptcha_response\" value=\"\" \/>\n<\/fieldset>\n<div class=\"vc_col-sm-12\">\n\t<p><span class=\"wpcf7-form-control-wrap dynamicname\" data-name=\"dynamicname\"><input type=\"text\" name=\"dynamicname\" class=\"wpcf7-form-control wpcf7-text wpcf7dtx wpcf7dtx-text\" aria-invalid=\"false\" readonly=\"readonly\" value=\"Promotions\"><\/span>\n\t<\/p>\n<\/div>\n<div class=\"vc_col-sm-6\">\n\t<p><span class=\"wpcf7-form-control-wrap\" data-name=\"firstname\"><input size=\"40\" maxlength=\"400\" class=\"wpcf7-form-control wpcf7-text wpcf7-validates-as-required\" aria-required=\"true\" aria-invalid=\"false\" placeholder=\"Pr\u00e9nom*\" value=\"\" type=\"text\" name=\"firstname\" \/><\/span>\n\t<\/p>\n<\/div>\n<div class=\"vc_col-sm-6\">\n\t<p><span class=\"wpcf7-form-control-wrap\" data-name=\"lastname\"><input size=\"40\" maxlength=\"400\" class=\"wpcf7-form-control wpcf7-text wpcf7-validates-as-required\" aria-required=\"true\" aria-invalid=\"false\" placeholder=\"Nom*\" value=\"\" type=\"text\" name=\"lastname\" \/><\/span>\n\t<\/p>\n<\/div>\n<div class=\"vc_col-sm-6\">\n\t<p><span class=\"wpcf7-form-control-wrap\" data-name=\"email\"><input size=\"40\" maxlength=\"400\" class=\"wpcf7-form-control wpcf7-email wpcf7-validates-as-required wpcf7-text wpcf7-validates-as-email\" aria-required=\"true\" aria-invalid=\"false\" placeholder=\"Courriel*\" value=\"\" type=\"email\" name=\"email\" \/><\/span>\n\t<\/p>\n<\/div>\n<div class=\"vc_col-sm-6\">\n\t<p><span class=\"wpcf7-form-control-wrap\" data-name=\"phone\"><input size=\"40\" maxlength=\"400\" class=\"wpcf7-form-control wpcf7-text wpcf7-validates-as-required\" aria-required=\"true\" aria-invalid=\"false\" placeholder=\"Num\u00e9ro de t\u00e9l\u00e9phone*\" value=\"\" type=\"text\" name=\"phone\" \/><\/span>\n\t<\/p>\n<\/div>\n<div class=\"vc_col-sm-6\">\n\t<p><span class=\"wpcf7-form-control-wrap\" data-name=\"company\"><input size=\"40\" maxlength=\"400\" class=\"wpcf7-form-control wpcf7-text wpcf7-validates-as-required\" aria-required=\"true\" aria-invalid=\"false\" placeholder=\"Nom d&#039;entreprise*\" value=\"\" type=\"text\" name=\"company\" \/><\/span>\n\t<\/p>\n<\/div>\n<div class=\"vc_col-sm-6\">\n\t<p><span class=\"wpcf7-form-control-wrap\" data-name=\"country\"><input size=\"40\" maxlength=\"400\" class=\"wpcf7-form-control wpcf7-text wpcf7-validates-as-required\" aria-required=\"true\" aria-invalid=\"false\" placeholder=\"Ville*\" value=\"\" type=\"text\" name=\"country\" \/><\/span>\n\t<\/p>\n<\/div>\n<div class=\"vc_col-sm-12\">\n\t<p><span class=\"wpcf7-form-control-wrap\" data-name=\"message\"><textarea cols=\"40\" rows=\"6\" maxlength=\"2000\" class=\"wpcf7-form-control wpcf7-textarea wpcf7-validates-as-required\" aria-required=\"true\" aria-invalid=\"false\" placeholder=\"Votre message*\" name=\"message\"><\/textarea><\/span>\n\t<\/p>\n<\/div>\n<div class=\"vc_col-sm-12\">\n\t<p><input class=\"wpcf7-form-control wpcf7-submit has-spinner button_full_width\" type=\"submit\" value=\"Envoyez\" \/>\n\t<\/p>\n<\/div><input type='hidden' class='wpcf7-pum' value='{\"closepopup\":false,\"closedelay\":0,\"openpopup\":false,\"openpopup_id\":0}' \/><div class=\"wpcf7-response-output\" aria-hidden=\"true\"><\/div>\n<\/form>\n<\/div>\n[\/vc_column][\/vc_row]<\/p>\n<\/div>","protected":false},"excerpt":{"rendered":"<p>[vc_row full_width=&#8221;stretch_row&#8221; css=&#8221;.vc_custom_1634140612715{margin-top: 0px !important;margin-bottom: 0px !important;padding-top: 150px !important;padding-bottom: 150px !important;background-image: url(https:\/\/bm-manutention.com\/wp-content\/uploads\/2021\/10\/promotion-page.jpg?id=2204) !important;}&#8221; el_class=&#8221;entete-image&#8221;][vc_column width=&#8221;1\/2&#8243; css=&#8221;.vc_custom_1589567199963{margin-top: 0px !important;margin-bottom: 0px !important;padding-top: 0px !important;padding-bottom: 0px !important;}&#8221;][vc_column_text css=&#8221;.vc_custom_1634140570113{margin-bottom: 15px !important;padding-top: 0px !important;padding-bottom: 0px !important;}&#8221; el_class=&#8221;titre-h1&#8243;] Promotions sur les chariots \u00e9l\u00e9vateurs [\/vc_column_text][\/vc_column][vc_column width=&#8221;1\/2&#8243;][\/vc_column][\/vc_row][vc_row el_class=&#8221;image-produit&#8221;][vc_column width=&#8221;1\/2&#8243;][vc_empty_space height=&#8221;35px&#8221;][vc_column_text css=&#8221;&#8221;][\/vc_column_text][vc_row_inner][vc_column_inner][vc_column_text css=&#8221;.vc_custom_1639430453168{margin-top: -15px !important;margin-bottom: 15px !important;padding-top: 15px !important;padding-bottom: 10px !important;background-color: #7e7e7e !important;}&#8221; el_class=&#8221;blanc&#8221;] [&hellip;]<\/p>\n","protected":false},"author":1,"featured_media":0,"parent":0,"menu_order":0,"comment_status":"closed","ping_status":"closed","template":"","meta":{"_acf_changed":false,"footnotes":""},"class_list":["post-2522","page","type-page","status-publish","hentry"],"acf":[],"_links":{"self":[{"href":"https:\/\/bm-manutention.com\/en\/wp-json\/wp\/v2\/pages\/2522","targetHints":{"allow":["GET"]}}],"collection":[{"href":"https:\/\/bm-manutention.com\/en\/wp-json\/wp\/v2\/pages"}],"about":[{"href":"https:\/\/bm-manutention.com\/en\/wp-json\/wp\/v2\/types\/page"}],"author":[{"embeddable":true,"href":"https:\/\/bm-manutention.com\/en\/wp-json\/wp\/v2\/users\/1"}],"replies":[{"embeddable":true,"href":"https:\/\/bm-manutention.com\/en\/wp-json\/wp\/v2\/comments?post=2522"}],"version-history":[{"count":10,"href":"https:\/\/bm-manutention.com\/en\/wp-json\/wp\/v2\/pages\/2522\/revisions"}],"predecessor-version":[{"id":3177,"href":"https:\/\/bm-manutention.com\/en\/wp-json\/wp\/v2\/pages\/2522\/revisions\/3177"}],"wp:attachment":[{"href":"https:\/\/bm-manutention.com\/en\/wp-json\/wp\/v2\/media?parent=2522"}],"curies":[{"name":"wp","href":"https:\/\/api.w.org\/{rel}","templated":true}]}}